{"id":160,"date":"2024-06-26T00:01:39","date_gmt":"2024-06-26T05:01:39","guid":{"rendered":"http:\/\/ifls.com.co\/2024\/?page_id=160"},"modified":"2026-04-16T17:00:11","modified_gmt":"2026-04-16T22:00:11","slug":"expositores-2","status":"publish","type":"page","link":"https:\/\/ifls.com.co\/2024\/expositores-2\/","title":{"rendered":"Expositores"},"content":{"rendered":"<p>[et_pb_section fb_built=\u00bb1&#8243; fullwidth=\u00bbon\u00bb _builder_version=\u00bb4.4.2&#8243; max_width=\u00bb100%\u00bb module_alignment=\u00bbcenter\u00bb collapsed=\u00bboff\u00bb][et_pb_fullwidth_image src=\u00bbhttps:\/\/ifls.com.co\/2024\/wp-content\/uploads\/2026\/04\/7-ABR-BANNER-WEB-AGOSTO-EXPOSITORES.png\u00bb _builder_version=\u00bb4.4.2&#8243;][\/et_pb_fullwidth_image][\/et_pb_section][et_pb_section fb_built=\u00bb1&#8243; _builder_version=\u00bb4.4.2&#8243; custom_padding=\u00bb1px|||||\u00bb][et_pb_row _builder_version=\u00bb4.4.2&#8243; custom_padding=\u00bb||9px|||\u00bb][et_pb_column type=\u00bb4_4&#8243; _builder_version=\u00bb4.4.2&#8243;][et_pb_text _builder_version=\u00bb4.4.2&#8243; text_font_size=\u00bb17px\u00bb]<\/p>\n<p>Bienvenidos al International Footwear &amp; Leather Show &#8211; IFLS en su versi\u00f3n n\u00famero 51 y a la Exhibici\u00f3n Internacional del Cuero e Insumos, Maquinaria y Tecnolog\u00eda \u2013 EICI en su versi\u00f3n 33. La IFLS+EICI se realizar\u00e1 del <span>del 3 al 5 de agosto de 2026 en Corferias, Bogot\u00e1 \u2013 Colombia.<\/span><\/p>\n<p>El ingreso para los expositores es el lunes 3 y martes 4 de 7:00 a.m. a 7:00 p.m. mi\u00e9rcoles de 8:00 a.m. a 7:00p.m. <strong>Recuerda estar m\u00ednimo 40 minutos antes de la apertura del pabell\u00f3n al p\u00fablico.<\/strong><\/p>\n<p>[\/et_pb_text][\/et_pb_column][\/et_pb_row][et_pb_row _builder_version=\u00bb4.4.2&#8243; custom_padding=\u00bb5px|||||\u00bb][et_pb_column type=\u00bb4_4&#8243; _builder_version=\u00bb4.4.2&#8243;][et_pb_text _builder_version=\u00bb4.4.2&#8243; text_font=\u00bbMontserrat||||||||\u00bb header_font=\u00bbMontserrat|600||on|||||\u00bb header_text_align=\u00bbcenter\u00bb background_color=\u00bb#283639&#8243; text_orientation=\u00bbcenter\u00bb background_layout=\u00bbdark\u00bb custom_margin=\u00bb0px||0px||false|false\u00bb custom_padding=\u00bb10px||0px||false|false\u00bb]<\/p>\n<h1>HORARIOS<\/h1>\n<p>[\/et_pb_text][\/et_pb_column][\/et_pb_row][et_pb_row column_structure=\u00bb1_2,1_2&#8243; _builder_version=\u00bb4.4.2&#8243; custom_margin=\u00bb-18px|auto|0px|auto|false|false\u00bb custom_padding=\u00bb0px||0px||false|false\u00bb][et_pb_column type=\u00bb1_2&#8243; _builder_version=\u00bb4.4.2&#8243;][et_pb_text _builder_version=\u00bb4.4.2&#8243; text_font=\u00bbMontserrat||||||||\u00bb text_font_size=\u00bb1.2em\u00bb background_color=\u00bb#283639&#8243; text_orientation=\u00bbcenter\u00bb background_layout=\u00bbdark\u00bb custom_margin=\u00bb0px||0px||false|false\u00bb custom_padding=\u00bb20px|10px|20px|10px|true|true\u00bb]<\/p>\n<h2>MONTAJE DE STANDS<\/h2>\n<h5>Desde las 8:00 a.m. del s\u00e1bado 1 de agosto hasta las 6:00 p.m. del domingo 2 de agosto (jornada continua)<\/h5>\n<p><strong>Cero construcci\u00f3n:<\/strong> Le recordamos que <strong>no se permite<\/strong> la construcci\u00f3n de stands dentro del recinto ferial. Las labores est\u00e1n estrictamente limitadas al ensamble de <strong>piezas y retoques de pintura<\/strong><strong style=\"font-size: 16.8px;\">.<\/strong><\/p>\n<p><strong style=\"font-size: 16.8px;\"><strong>Veh\u00edculos:<\/strong> Solo se autorizar\u00e1 el ingreso de camiones que transporten material de montaje.<\/strong><\/p>\n<h3>IMPORTANTE<\/h3>\n<p>ACICAM no permitir\u00e1 el ingreso anticipado al recinto ferial, para el inicio de labores de montaje sin excepci\u00f3n alguna.<br \/> CORFERIAS Se compromete a cumplir con el aseo del recinto, el lunes 02 de agosto de 6:00 p.m. a 10:00 p.m. para la apertura del evento,\u00a0<strong>es indispensable y de car\u00e1cter obligatorio<\/strong> que todos los expositores y empresas de montaje finalicen el armado de stands puntualmente a las 6:00 p.m.<\/p>\n<h3>MONTAJE DE MUESTRAS<\/h3>\n<p>Domingo 02 de agosto de 6:00 p.m. a 10:00 p.m.<br \/> Lunes 03 de agosto de 7:00 a.m. a 9:00 a.m.<\/p>\n<p>[\/et_pb_text][\/et_pb_column][et_pb_column type=\u00bb1_2&#8243; _builder_version=\u00bb4.4.2&#8243;][et_pb_text _builder_version=\u00bb4.4.2&#8243; text_font=\u00bbMontserrat||||||||\u00bb text_font_size=\u00bb1.2em\u00bb background_color=\u00bb#283639&#8243; text_orientation=\u00bbcenter\u00bb background_layout=\u00bbdark\u00bb custom_margin=\u00bb0px||0px||true|false\u00bb custom_padding=\u00bb20px|10px|20px|10px|true|true\u00bb]<\/p>\n<h2>DESMONTAJE DE MUESTRAS**<\/h2>\n<p>El mi\u00e9rcoles 05 de agosto de 2026 de<br \/> 6:00 p.m. a 10:00 p.m. podr\u00e1 retirar sus muestras del recinto ferial en cajas, canastas o bolsas que pueda transportar en sus manos.<\/p>\n<p><em>*\u00a0<\/em><strong>Ingreso de transportadoras externas:<\/strong> Tenga en cuenta que el acceso de veh\u00edculos al recinto estar\u00e1 restringido. Si utiliza una empresa transportadora diferente a ALDIA, el ingreso para sus operarios ser\u00e1 <strong>\u00fanicamente peatonal<\/strong> y se permitir\u00e1 a partir de las 8:00 p.m.<\/p>\n<h2>DESMONTAJE DE STANDS (CARPINTER\u00cdA)*<\/h2>\n<h2><strong style=\"font-size: 16.8px;\">Horario:<\/strong><span style=\"font-size: 16.8px; font-weight: 500;\"> Jueves 6 de agosto, de 8:00 a.m. a 12:00 m. (mediod\u00eda).\u00a0<\/span><\/h2>\n<h2><strong style=\"font-size: 16.8px;\">Condiciones:<\/strong><span style=\"font-size: 16.8px; font-weight: 500;\"> Se debe dejar el espacio limpio y libre de escombros.<\/span><\/h2>\n<p>[\/et_pb_text][\/et_pb_column][\/et_pb_row][et_pb_row column_structure=\u00bb2_5,3_5&#8243; _builder_version=\u00bb4.4.2&#8243;][et_pb_column type=\u00bb2_5&#8243; _builder_version=\u00bb4.4.2&#8243;][et_pb_image src=\u00bbhttp:\/\/ifls.com.co\/2024\/wp-content\/uploads\/2024\/06\/laferia-7-1.jpg\u00bb _builder_version=\u00bb4.4.2&#8243;][\/et_pb_image][\/et_pb_column][et_pb_column type=\u00bb3_5&#8243; _builder_version=\u00bb4.4.2&#8243;][et_pb_text _builder_version=\u00bb4.4.2&#8243; text_text_color=\u00bb#006d5b\u00bb header_font=\u00bbMontserrat|600||on|||||\u00bb header_text_align=\u00bbcenter\u00bb header_text_color=\u00bb#006d5b\u00bb]<\/p>\n<h1><span style=\"color: #333333;\">Manual<\/span><\/h1>\n<p>[\/et_pb_text][et_pb_text _builder_version=\u00bb4.4.2&#8243; text_font=\u00bbMontserrat||||||||\u00bb text_font_size=\u00bb1.2em\u00bb text_orientation=\u00bbjustified\u00bb hover_enabled=\u00bb0&#8243;]<\/p>\n<p>Encontrar\u00e1s toda la informaci\u00f3n operativa relevante para tu planeaci\u00f3n y participaci\u00f3n en el IFLS+EICI de agosto de 2026, te recomendamos revisarlo atentamente ya que te brindar\u00e1 detalles acerca del evento, el recinto ferial, fechas, datos claves, el proceso de acreditaci\u00f3n, los nuevos esquemas de comunicaci\u00f3n, los protocolos de seguridad y la normatividad para el montaje y desmontaje de stands.<\/p>\n<p>[\/et_pb_text][et_pb_button url_new_window=\u00bbon\u00bb button_text=\u00bbManual Participaci\u00f3n IFLS+EICI \u00bb button_alignment=\u00bbcenter\u00bb _builder_version=\u00bb4.4.2&#8243; custom_button=\u00bbon\u00bb button_text_color=\u00bb#ffffff\u00bb button_bg_color=\u00bb#283639&#8243; button_border_width=\u00bb0px\u00bb button_font=\u00bbMontserrat|||on|||||\u00bb button_icon=\u00bb%%30%%\u00bb button_icon_color=\u00bb#ffffff\u00bb hover_enabled=\u00bb0&#8243;][\/et_pb_button][\/et_pb_column][\/et_pb_row][et_pb_row _builder_version=\u00bb4.4.2&#8243; custom_margin=\u00bb20px||||false|false\u00bb custom_padding=\u00bb0px|||||\u00bb][et_pb_column type=\u00bb4_4&#8243; _builder_version=\u00bb4.4.2&#8243;][et_pb_text _builder_version=\u00bb4.4.2&#8243; text_text_color=\u00bb#006d5b\u00bb header_font=\u00bbMontserrat|600||on|||||\u00bb header_text_align=\u00bbcenter\u00bb header_text_color=\u00bb#006d5b\u00bb]<\/p>\n<h1><span style=\"color: #333333;\">Ingreso de Mercanc\u00eda<\/span><\/h1>\n<p>[\/et_pb_text][\/et_pb_column][\/et_pb_row][et_pb_row column_structure=\u00bb2_5,3_5&#8243; _builder_version=\u00bb4.4.2&#8243; custom_margin=\u00bb-23px|auto||auto||\u00bb][et_pb_column type=\u00bb2_5&#8243; _builder_version=\u00bb4.4.2&#8243;][et_pb_image src=\u00bbhttps:\/\/ifls.com.co\/2024\/wp-content\/uploads\/2024\/12\/Ingreso-mercancia_Mesa-de-trabajo-1.jpg\u00bb _builder_version=\u00bb4.4.2&#8243;][\/et_pb_image][\/et_pb_column][et_pb_column type=\u00bb3_5&#8243; _builder_version=\u00bb4.4.2&#8243;][et_pb_text _builder_version=\u00bb4.4.2&#8243; text_font=\u00bbMontserrat||||||||\u00bb text_font_size=\u00bb1.2em\u00bb text_orientation=\u00bbjustified\u00bb]Por disposici\u00f3n de la DIAN, toda mercanc\u00eda que ingrese o salga de CORFERIAS, sin excepci\u00f3n, deber\u00e1 ser registrada previamente en el formulario de Ingreso de Mercanc\u00edas de CORFERIAS. Este ser\u00e1 exigido al momento del ingreso y salida de muestras del recinto ferial. Es de car\u00e1cter obligatorio y no tiene costo.[\/et_pb_text][et_pb_button button_url=\u00bbhttps:\/\/ifls.com.co\/2024\/wp-content\/uploads\/2025\/06\/INTRUCTIVO-PASO-A-PASO-EXPOSITORES-1.pdf\u00bb url_new_window=\u00bbon\u00bb button_text=\u00bbconsulte el Paso a Paso\u00bb button_alignment=\u00bbcenter\u00bb _builder_version=\u00bb4.4.2&#8243; custom_button=\u00bbon\u00bb button_text_color=\u00bb#ffffff\u00bb button_bg_color=\u00bb#283639&#8243; button_border_width=\u00bb0px\u00bb button_font=\u00bbMontserrat|||on|||||\u00bb button_icon=\u00bb%%125%%\u00bb button_icon_color=\u00bb#ffffff\u00bb][\/et_pb_button][et_pb_button button_url=\u00bbhttps:\/\/ifls.com.co\/2024\/wp-content\/uploads\/2025\/06\/INSTRUCTIVO-25-04-09-EN-INGLES-1-copia.pdf\u00bb url_new_window=\u00bbon\u00bb button_text=\u00bbDownload the instructions in english version\u00bb button_alignment=\u00bbcenter\u00bb _builder_version=\u00bb4.4.2&#8243; custom_button=\u00bbon\u00bb button_text_color=\u00bb#ffffff\u00bb button_bg_color=\u00bb#283639&#8243; button_border_width=\u00bb0px\u00bb button_font=\u00bbMontserrat|||on|||||\u00bb button_icon=\u00bb%%125%%\u00bb button_icon_color=\u00bb#ffffff\u00bb][\/et_pb_button][\/et_pb_column][\/et_pb_row][et_pb_row _builder_version=\u00bb4.4.2&#8243; custom_margin=\u00bb-12px|auto||auto|false|false\u00bb][et_pb_column type=\u00bb4_4&#8243; _builder_version=\u00bb4.4.2&#8243;][et_pb_text _builder_version=\u00bb4.4.2&#8243; text_text_color=\u00bb#006d5b\u00bb header_font=\u00bbMontserrat|600||on|||||\u00bb header_text_align=\u00bbcenter\u00bb header_text_color=\u00bb#006d5b\u00bb]<\/p>\n<h1><span style=\"color: #333333;\">credenciales<\/span><\/h1>\n<p>[\/et_pb_text][\/et_pb_column][\/et_pb_row][et_pb_row column_structure=\u00bb3_5,2_5&#8243; _builder_version=\u00bb4.4.2&#8243; min_height=\u00bb427.9px\u00bb custom_margin=\u00bb-13px|auto||auto||\u00bb][et_pb_column type=\u00bb3_5&#8243; _builder_version=\u00bb4.4.2&#8243;][et_pb_text _builder_version=\u00bb4.4.2&#8243; text_font=\u00bbMontserrat||||||||\u00bb text_font_size=\u00bb1.2em\u00bb text_orientation=\u00bbjustified\u00bb]<\/p>\n<p><strong> <\/strong><strong>Registro de personal:<\/strong> Le invitamos a diligenciar el formato de acreditaci\u00f3n de expositores que se env\u00eda adjunto a su contrato de participaci\u00f3n aprobado. El plazo m\u00e1ximo para completarlo es el 24 de julio de 2026.<\/p>\n<p><strong>Entrega de credenciales:<\/strong> Si cumple con la fecha de registro, sus escarapelas personalizadas se entregar\u00e1n los d\u00edas 1 y 2 de agosto en el acceso de expositores (entrada del Arco) de Corferias, en el horario de 8:00 a. m. a 5:00 p. m. Tambi\u00e9n puede coordinar la entrega con su Gerente Seccional.<\/p>\n<p>&nbsp;<\/p>\n<p>Si necesita credenciales de expositor adicionales o realizar alg\u00fan cambio en los datos ingresados, le invitamos a enviar un correo electr\u00f3nico<span style=\"color: #8300e9;\"><a href=\"mailto:feria@acicam.org,\" style=\"color: #8300e9;\">\u00a0feria@acicam.org<\/a>\u00a0<\/span>indicando sus requerimientos.<\/p>\n<p>[\/et_pb_text][et_pb_button button_url=\u00bbhttps:\/\/ifls.com.co\/2024\/wp-content\/uploads\/2025\/04\/Formato-expositores-iflseici-Jul-2025.xls\u00bb url_new_window=\u00bbon\u00bb button_text=\u00bbDescargar Formato de Acreditaci\u00f3n\u00bb button_alignment=\u00bbcenter\u00bb _builder_version=\u00bb4.4.2&#8243; custom_button=\u00bbon\u00bb button_text_color=\u00bb#ffffff\u00bb button_bg_color=\u00bb#283639&#8243; button_border_width=\u00bb0px\u00bb button_font=\u00bbMontserrat|||on|||||\u00bb button_icon=\u00bb%%125%%\u00bb button_icon_color=\u00bb#ffffff\u00bb][\/et_pb_button][\/et_pb_column][et_pb_column type=\u00bb2_5&#8243; _builder_version=\u00bb4.4.2&#8243;][et_pb_image src=\u00bbhttps:\/\/ifls.com.co\/2024\/wp-content\/uploads\/2024\/12\/Sin-titulo-2_Mesa-de-trabajo-1-copia.jpg\u00bb _builder_version=\u00bb4.4.2&#8243;][\/et_pb_image][\/et_pb_column][\/et_pb_row][\/et_pb_section]<\/p>\n","protected":false},"excerpt":{"rendered":"<p>[et_pb_section fb_built=\u00bb1&#8243; fullwidth=\u00bbon\u00bb _builder_version=\u00bb4.4.2&#8243; max_width=\u00bb100%\u00bb module_alignment=\u00bbcenter\u00bb collapsed=\u00bboff\u00bb][et_pb_fullwidth_image src=\u00bbhttps:\/\/ifls.com.co\/2024\/wp-content\/uploads\/2026\/04\/7-ABR-BANNER-WEB-AGOSTO-EXPOSITORES.png\u00bb _builder_version=\u00bb4.4.2&#8243;][\/et_pb_fullwidth_image][\/et_pb_section][et_pb_section fb_built=\u00bb1&#8243; _builder_version=\u00bb4.4.2&#8243; custom_padding=\u00bb1px|||||\u00bb][et_pb_row _builder_version=\u00bb4.4.2&#8243; custom_padding=\u00bb||9px|||\u00bb][et_pb_column type=\u00bb4_4&#8243; _builder_version=\u00bb4.4.2&#8243;][et_pb_text _builder_version=\u00bb4.4.2&#8243; text_font_size=\u00bb17px\u00bb] Bienvenidos al International Footwear &amp; Leather Show &#8211; IFLS en su versi\u00f3n n\u00famero 51 y a la Exhibici\u00f3n Internacional del Cuero e Insumos, Maquinaria y Tecnolog\u00eda \u2013 EICI en su versi\u00f3n 33. La IFLS+EICI se realizar\u00e1 del [&hellip;]<\/p>\n","protected":false},"author":1,"featured_media":0,"parent":0,"menu_order":0,"comment_status":"closed","ping_status":"closed","template":"","meta":{"_et_pb_use_builder":"on","_et_pb_old_content":"","_et_gb_content_width":"","footnotes":""},"class_list":["post-160","page","type-page","status-publish","hentry"],"_links":{"self":[{"href":"https:\/\/ifls.com.co\/2024\/wp-json\/wp\/v2\/pages\/160","targetHints":{"allow":["GET"]}}],"collection":[{"href":"https:\/\/ifls.com.co\/2024\/wp-json\/wp\/v2\/pages"}],"about":[{"href":"https:\/\/ifls.com.co\/2024\/wp-json\/wp\/v2\/types\/page"}],"author":[{"embeddable":true,"href":"https:\/\/ifls.com.co\/2024\/wp-json\/wp\/v2\/users\/1"}],"replies":[{"embeddable":true,"href":"https:\/\/ifls.com.co\/2024\/wp-json\/wp\/v2\/comments?post=160"}],"version-history":[{"count":90,"href":"https:\/\/ifls.com.co\/2024\/wp-json\/wp\/v2\/pages\/160\/revisions"}],"predecessor-version":[{"id":1855,"href":"https:\/\/ifls.com.co\/2024\/wp-json\/wp\/v2\/pages\/160\/revisions\/1855"}],"wp:attachment":[{"href":"https:\/\/ifls.com.co\/2024\/wp-json\/wp\/v2\/media?parent=160"}],"curies":[{"name":"wp","href":"https:\/\/api.w.org\/{rel}","templated":true}]}}