{"id":115,"date":"2024-06-19T07:35:53","date_gmt":"2024-06-19T12:35:53","guid":{"rendered":"http:\/\/ifls.com.co\/2024\/?page_id=115"},"modified":"2026-04-10T14:53:16","modified_gmt":"2026-04-10T19:53:16","slug":"la-feria","status":"publish","type":"page","link":"https:\/\/ifls.com.co\/2024\/la-feria\/","title":{"rendered":"La Feria"},"content":{"rendered":"<p>[et_pb_section fb_built=\u00bb1&#8243; fullwidth=\u00bbon\u00bb _builder_version=\u00bb4.4.2&#8243; width=\u00bb100%\u00bb max_width=\u00bb100%\u00bb module_alignment=\u00bbcenter\u00bb][et_pb_fullwidth_image src=\u00bbhttps:\/\/ifls.com.co\/2024\/wp-content\/uploads\/2025\/03\/Feria-2-julio-v1-1.jpg\u00bb _builder_version=\u00bb4.4.2&#8243; custom_padding=\u00bb0px|||||\u00bb][\/et_pb_fullwidth_image][\/et_pb_section][et_pb_section fb_built=\u00bb1&#8243; fullwidth=\u00bbon\u00bb _builder_version=\u00bb4.4.2&#8243;][et_pb_fullwidth_image src=\u00bbhttps:\/\/ifls.com.co\/2024\/wp-content\/uploads\/2026\/04\/7-ABR-BANNER-WEB-AGOSTO-PLATAFORMA.png\u00bb _builder_version=\u00bb4.4.2&#8243; max_height=\u00bb100%\u00bb custom_margin=\u00bb-6px|||||\u00bb][\/et_pb_fullwidth_image][\/et_pb_section][et_pb_section fb_built=\u00bb1&#8243; module_id=\u00bbifls\u00bb _builder_version=\u00bb4.4.2&#8243; module_alignment=\u00bbcenter\u00bb min_height=\u00bb733.5px\u00bb custom_margin=\u00bb||0px||false|false\u00bb custom_padding=\u00bb0px||0px||false|false\u00bb][et_pb_row _builder_version=\u00bb4.4.2&#8243; module_alignment=\u00bbcenter\u00bb min_height=\u00bb102.4px\u00bb custom_margin=\u00bb|320px|1px|auto||\u00bb module_alignment_tablet=\u00bbcenter\u00bb module_alignment_phone=\u00bbcenter\u00bb module_alignment_last_edited=\u00bbon|desktop\u00bb][et_pb_column type=\u00bb4_4&#8243; _builder_version=\u00bb4.4.2&#8243;][et_pb_text _builder_version=\u00bb4.4.2&#8243; text_font=\u00bb|700|||||||\u00bb text_text_color=\u00bb#006d5b\u00bb text_font_size=\u00bb35px\u00bb text_letter_spacing=\u00bb2px\u00bb text_line_height=\u00bb1.8em\u00bb module_alignment=\u00bbcenter\u00bb min_height=\u00bb49px\u00bb custom_margin=\u00bb-23px|||||\u00bb custom_padding=\u00bb0px|||||\u00bb]<\/p>\n<p>\u00bfQU\u00c9 ES IFLS+EICI?<\/p>\n<p>[\/et_pb_text][et_pb_text _builder_version=\u00bb4.4.2&#8243; min_height=\u00bb147px\u00bb custom_margin=\u00bb-22px|||||\u00bb custom_padding=\u00bb11px|||||\u00bb]<\/p>\n<p><strong>La Asociaci\u00f3n Colombiana de Industriales del Calzado, el Cuero y sus Manufacturas (ACICAM)<\/strong> le da la m\u00e1s cordial bienvenida al <strong>International Footwear &amp; Leather Show (IFL<\/strong>S) y a la <strong>Exhibici\u00f3n Internacional del Cuero e Insumos, Maquinaria y Tecnolog\u00eda (EICI<\/strong>), eventos que se llevar\u00e1n a cabo del <strong>3 al 5 de agosto de 2026<\/strong> en Corferias, Bogot\u00e1 \u2013 Colombia.<\/p>\n<p>IFLS+EICI es la principal plataforma de negocios de Colombia y la regi\u00f3n andina para el sector del calzado, el cuero y sus manufacturas. Este evento re\u00fane en un solo lugar la mejor muestra de producto terminado junto con la m\u00e1s completa exhibici\u00f3n de proveedur\u00eda.<\/p>\n<p>[\/et_pb_text][et_pb_image src=\u00bbhttp:\/\/ifls.com.co\/2024\/wp-content\/uploads\/2024\/06\/laferia-1.jpg\u00bb _builder_version=\u00bb4.4.2&#8243; custom_margin=\u00bb||5px|||\u00bb][\/et_pb_image][\/et_pb_column][\/et_pb_row][et_pb_row column_structure=\u00bb1_2,1_2&#8243; _builder_version=\u00bb4.4.2&#8243; module_alignment=\u00bbcenter\u00bb min_height=\u00bb102.4px\u00bb custom_margin=\u00bb|318px|1px|auto||\u00bb module_alignment_tablet=\u00bbcenter\u00bb module_alignment_phone=\u00bbcenter\u00bb module_alignment_last_edited=\u00bbon|desktop\u00bb][et_pb_column type=\u00bb1_2&#8243; _builder_version=\u00bb4.4.2&#8243;][et_pb_image src=\u00bbhttps:\/\/ifls.com.co\/2024\/wp-content\/uploads\/2024\/06\/ifls-1.png\u00bb align=\u00bbcenter\u00bb _builder_version=\u00bb4.4.2&#8243;][\/et_pb_image][et_pb_text _builder_version=\u00bb4.4.2&#8243; text_font=\u00bbMontserrat||||||||\u00bb text_font_size=\u00bb1.2em\u00bb text_orientation=\u00bbcenter\u00bb]<\/p>\n<p>Expositores:\u00a0 fabricantes, industriales y dise\u00f1adores nacionales e internacionales de calzado, marroquiner\u00eda, prendas de vestir en cuero y art\u00edculos de viaje.<\/p>\n<p>[\/et_pb_text][\/et_pb_column][et_pb_column type=\u00bb1_2&#8243; _builder_version=\u00bb4.4.2&#8243;][et_pb_image src=\u00bbhttps:\/\/ifls.com.co\/2024\/wp-content\/uploads\/2024\/06\/eici-1.png\u00bb align=\u00bbcenter\u00bb _builder_version=\u00bb4.4.2&#8243; custom_margin=\u00bb|||-32px||\u00bb][\/et_pb_image][et_pb_text _builder_version=\u00bb4.4.2&#8243; text_font=\u00bbMontserrat||||||||\u00bb text_font_size=\u00bb1.2em\u00bb text_orientation=\u00bbcenter\u00bb custom_padding=\u00bb0px|||0px||\u00bb]<\/p>\n<p>Expositores: fabricantes y\/o comercializadores nacionales e internacionales de cuero, maquinaria, insumos, componentes y tecnolog\u00eda.<\/p>\n<p>[\/et_pb_text][\/et_pb_column][\/et_pb_row][\/et_pb_section][et_pb_section fb_built=\u00bb1&#8243; disabled_on=\u00bbon|on|on\u00bb _builder_version=\u00bb4.4.2&#8243; background_color=\u00bb#474972&#8243; use_background_color_gradient=\u00bbon\u00bb background_color_gradient_start=\u00bb#474972&#8243; background_color_gradient_type=\u00bbradial\u00bb background_color_gradient_direction_radial=\u00bbtop left\u00bb background_image=\u00bbhttps:\/\/ifls.com.co\/2024\/wp-content\/uploads\/2024\/12\/PPTS-02.jpg\u00bb custom_padding=\u00bb53px||7px|||\u00bb disabled=\u00bbon\u00bb][et_pb_row _builder_version=\u00bb4.4.2&#8243; custom_padding=\u00bb15px|||||\u00bb][et_pb_column type=\u00bb4_4&#8243; _builder_version=\u00bb4.4.2&#8243;][et_pb_text _builder_version=\u00bb4.4.2&#8243; text_text_color=\u00bb#f8ba50&#8243; text_font_size=\u00bb22px\u00bb text_line_height=\u00bb1.6em\u00bb header_font=\u00bbMontserrat|600||on|||||\u00bb header_text_align=\u00bbcenter\u00bb header_text_color=\u00bb#000000&#8243; custom_padding=\u00bb||4px|||\u00bb text_text_shadow_style=\u00bbpreset1&#8243; text_text_shadow_color=\u00bb#ffffff\u00bb]<\/p>\n<h1><span style=\"font-size: xx-large;\"><strong><span style=\"font-family: inherit;\"><span style=\"color: #ffffff;\">Resultados de FEBRERO 2025<\/span><\/span><\/strong><\/span><\/h1>\n<p>[\/et_pb_text][\/et_pb_column][\/et_pb_row][et_pb_row column_structure=\u00bb1_4,1_4,1_4,1_4&#8243; make_equal=\u00bbon\u00bb _builder_version=\u00bb4.4.2&#8243; module_alignment=\u00bbcenter\u00bb custom_margin=\u00bb-26px|auto||auto||\u00bb custom_padding=\u00bb||0px|||\u00bb][et_pb_column type=\u00bb1_4&#8243; _builder_version=\u00bb4.4.2&#8243;][et_pb_image src=\u00bbhttps:\/\/ifls.com.co\/2024\/wp-content\/uploads\/2024\/10\/VISITANTES.png\u00bb align=\u00bbcenter\u00bb _builder_version=\u00bb4.4.2&#8243; width=\u00bb50%\u00bb][\/et_pb_image][et_pb_number_counter title=\u00bbVisitantes especializados\u00bb number=\u00bb10.027&#8243; percent_sign=\u00bboff\u00bb _builder_version=\u00bb4.4.2&#8243; title_font=\u00bbMontserrat||||||||\u00bb title_text_color=\u00bb#ffffff\u00bb number_font=\u00bbMontserrat||||||||\u00bb number_text_align=\u00bbcenter\u00bb number_text_color=\u00bb#ffffff\u00bb number_font_size=\u00bb50px\u00bb title_text_shadow_style=\u00bbpreset3&#8243; title_text_shadow_color=\u00bb#ffffff\u00bb number_text_shadow_style=\u00bbpreset3&#8243; number_text_shadow_color=\u00bb#ffffff\u00bb][\/et_pb_number_counter][\/et_pb_column][et_pb_column type=\u00bb1_4&#8243; _builder_version=\u00bb4.4.2&#8243;][et_pb_image src=\u00bbhttps:\/\/ifls.com.co\/2024\/wp-content\/uploads\/2024\/10\/EXPOSITORES.png\u00bb align=\u00bbcenter\u00bb _builder_version=\u00bb4.4.2&#8243; width=\u00bb50%\u00bb][\/et_pb_image][et_pb_number_counter title=\u00bbExpositores\u00bb number=\u00bb430&#8243; percent_sign=\u00bboff\u00bb _builder_version=\u00bb4.4.2&#8243; title_font=\u00bbMontserrat||||||||\u00bb title_text_color=\u00bb#ffffff\u00bb number_font=\u00bbMontserrat||||||||\u00bb number_text_align=\u00bbcenter\u00bb number_text_color=\u00bb#ffffff\u00bb number_font_size=\u00bb50px\u00bb title_text_shadow_style=\u00bbpreset3&#8243; title_text_shadow_color=\u00bb#ffffff\u00bb number_text_shadow_style=\u00bbpreset3&#8243; number_text_shadow_color=\u00bb#ffffff\u00bb][\/et_pb_number_counter][\/et_pb_column][et_pb_column type=\u00bb1_4&#8243; _builder_version=\u00bb4.4.2&#8243;][et_pb_image src=\u00bbhttps:\/\/ifls.com.co\/2024\/wp-content\/uploads\/2024\/10\/PAISES.png\u00bb align=\u00bbcenter\u00bb _builder_version=\u00bb4.4.2&#8243; width=\u00bb50%\u00bb][\/et_pb_image][et_pb_number_counter title=\u00bbPa\u00edses Expositores\u00bb number=\u00bb5&#8243; percent_sign=\u00bboff\u00bb _builder_version=\u00bb4.4.2&#8243; title_font=\u00bbMontserrat||||||||\u00bb title_text_color=\u00bb#ffffff\u00bb number_font=\u00bbMontserrat||||||||\u00bb number_text_align=\u00bbcenter\u00bb number_text_color=\u00bb#ffffff\u00bb number_font_size=\u00bb50px\u00bb title_text_shadow_style=\u00bbpreset3&#8243; title_text_shadow_color=\u00bb#ffffff\u00bb number_text_shadow_style=\u00bbpreset3&#8243; number_text_shadow_color=\u00bb#ffffff\u00bb][\/et_pb_number_counter][\/et_pb_column][et_pb_column type=\u00bb1_4&#8243; _builder_version=\u00bb4.4.2&#8243;][et_pb_image src=\u00bbhttps:\/\/ifls.com.co\/2024\/wp-content\/uploads\/2024\/10\/NEGOCIOS.png\u00bb align=\u00bbcenter\u00bb _builder_version=\u00bb4.4.2&#8243; width=\u00bb50%\u00bb][\/et_pb_image][et_pb_number_counter title=\u00bbEn negocios\u00bb number=\u00bb12.2  M USD\u00bb percent_sign=\u00bboff\u00bb number_tablet=\u00bb\u00bb number_phone=\u00bb\u00bb number_last_edited=\u00bbon|phone\u00bb _builder_version=\u00bb4.4.2&#8243; title_font=\u00bbMontserrat||||||||\u00bb title_text_color=\u00bb#ffffff\u00bb number_font=\u00bbMontserrat||||||||\u00bb number_text_align=\u00bbcenter\u00bb number_text_color=\u00bb#ffffff\u00bb number_font_size=\u00bb38px\u00bb custom_margin=\u00bb|-34px||||\u00bb custom_padding=\u00bb|||0px||\u00bb number_font_size_tablet=\u00bb\u00bb number_font_size_phone=\u00bb31px\u00bb number_font_size_last_edited=\u00bbon|phone\u00bb title_text_shadow_style=\u00bbpreset3&#8243; title_text_shadow_color=\u00bb#ffffff\u00bb number_text_shadow_style=\u00bbpreset3&#8243; number_text_shadow_color=\u00bb#ffffff\u00bb][\/et_pb_number_counter][\/et_pb_column][\/et_pb_row][\/et_pb_section][et_pb_section fb_built=\u00bb1&#8243; disabled_on=\u00bboff|off|off\u00bb module_id=\u00bbresultados\u00bb _builder_version=\u00bb4.4.2&#8243; background_color=\u00bb#821700&#8243; use_background_color_gradient=\u00bbon\u00bb background_color_gradient_start=\u00bb#5b2400&#8243; background_color_gradient_direction=\u00bb61deg\u00bb background_color_gradient_start_position=\u00bb48%\u00bb background_image=\u00bbhttps:\/\/ifls.com.co\/2024\/wp-content\/uploads\/2024\/06\/laferia-5-1.jpg\u00bb background_blend=\u00bbmultiply\u00bb custom_margin=\u00bb2px|||||\u00bb locked=\u00bboff\u00bb][et_pb_row disabled_on=\u00bboff|off|off\u00bb _builder_version=\u00bb4.4.2&#8243;][et_pb_column type=\u00bb4_4&#8243; _builder_version=\u00bb4.4.2&#8243;][et_pb_text _builder_version=\u00bb4.4.2&#8243; header_font=\u00bbMontserrat|600||on|||||\u00bb header_text_align=\u00bbcenter\u00bb header_text_color=\u00bb#000000&#8243; custom_padding=\u00bb0px|||||\u00bb]<\/p>\n<h1><span style=\"color: #ffffff;\"><strong>Resultados de Nuestro Evento &#8211; julio 2025<\/strong><\/span><\/h1>\n<p>[\/et_pb_text][\/et_pb_column][\/et_pb_row][et_pb_row column_structure=\u00bb1_4,1_4,1_4,1_4&#8243; make_equal=\u00bbon\u00bb _builder_version=\u00bb4.4.2&#8243; module_alignment=\u00bbcenter\u00bb][et_pb_column type=\u00bb1_4&#8243; _builder_version=\u00bb4.4.2&#8243;][et_pb_image src=\u00bbhttp:\/\/ifls.com.co\/2024\/wp-content\/uploads\/2024\/06\/visitantes_1.png\u00bb align=\u00bbcenter\u00bb _builder_version=\u00bb4.4.2&#8243;][\/et_pb_image][et_pb_number_counter title=\u00bbVisitantes especializados\u00bb number=\u00bb5670&#8243; percent_sign=\u00bboff\u00bb _builder_version=\u00bb4.4.2&#8243; title_font=\u00bbMontserrat||||||||\u00bb title_text_color=\u00bb#ffffff\u00bb title_font_size=\u00bb17px\u00bb number_font=\u00bbMontserrat||||||||\u00bb number_text_align=\u00bbcenter\u00bb number_text_color=\u00bb#ffffff\u00bb number_font_size=\u00bb50px\u00bb background_layout=\u00bbdark\u00bb][\/et_pb_number_counter][\/et_pb_column][et_pb_column type=\u00bb1_4&#8243; _builder_version=\u00bb4.4.2&#8243;][et_pb_image src=\u00bbhttp:\/\/ifls.com.co\/2024\/wp-content\/uploads\/2024\/06\/expositores.png\u00bb align=\u00bbcenter\u00bb _builder_version=\u00bb4.4.2&#8243;][\/et_pb_image][et_pb_number_counter title=\u00bbExpositores\u00bb number=\u00bb371&#8243; percent_sign=\u00bboff\u00bb _builder_version=\u00bb4.4.2&#8243; title_font=\u00bbMontserrat||||||||\u00bb title_text_color=\u00bb#ffffff\u00bb title_font_size=\u00bb17px\u00bb number_font=\u00bbMontserrat||||||||\u00bb number_text_align=\u00bbcenter\u00bb number_text_color=\u00bb#ffffff\u00bb number_font_size=\u00bb50px\u00bb background_layout=\u00bbdark\u00bb][\/et_pb_number_counter][\/et_pb_column][et_pb_column type=\u00bb1_4&#8243; _builder_version=\u00bb4.4.2&#8243;][et_pb_image src=\u00bbhttp:\/\/ifls.com.co\/2024\/wp-content\/uploads\/2024\/06\/paises_1.png\u00bb align=\u00bbcenter\u00bb _builder_version=\u00bb4.4.2&#8243;][\/et_pb_image][et_pb_number_counter title=\u00bbPaises\u00bb number=\u00bb7&#8243; percent_sign=\u00bboff\u00bb _builder_version=\u00bb4.4.2&#8243; title_font=\u00bbMontserrat||||||||\u00bb title_text_color=\u00bb#ffffff\u00bb title_font_size=\u00bb17px\u00bb number_font=\u00bbMontserrat||||||||\u00bb number_text_align=\u00bbcenter\u00bb number_text_color=\u00bb#ffffff\u00bb number_font_size=\u00bb50px\u00bb background_layout=\u00bbdark\u00bb width=\u00bb97.6%\u00bb][\/et_pb_number_counter][\/et_pb_column][et_pb_column type=\u00bb1_4&#8243; _builder_version=\u00bb4.4.2&#8243;][et_pb_image src=\u00bbhttp:\/\/ifls.com.co\/2024\/wp-content\/uploads\/2024\/06\/negocios_1.png\u00bb align=\u00bbcenter\u00bb _builder_version=\u00bb4.4.2&#8243;][\/et_pb_image][et_pb_number_counter title=\u00bbEn negocios\u00bb number=\u00bb7.5 M USD\u00bb percent_sign=\u00bboff\u00bb _builder_version=\u00bb4.4.2&#8243; title_font=\u00bbMontserrat||||||||\u00bb title_text_color=\u00bb#ffffff\u00bb title_font_size=\u00bb17px\u00bb number_font=\u00bbMontserrat||||||||\u00bb number_text_align=\u00bbcenter\u00bb number_text_color=\u00bb#ffffff\u00bb number_font_size=\u00bb38px\u00bb background_layout=\u00bbdark\u00bb custom_margin=\u00bb|||-23px||\u00bb number_font_tablet=\u00bb\u00bb number_font_phone=\u00bb\u00bb number_font_last_edited=\u00bbon|tablet\u00bb number_font_size_tablet=\u00bb\u00bb number_font_size_phone=\u00bb35px\u00bb number_font_size_last_edited=\u00bbon|phone\u00bb][\/et_pb_number_counter][\/et_pb_column][\/et_pb_row][\/et_pb_section][et_pb_section fb_built=\u00bb1&#8243; module_id=\u00bbexponer\u00bb _builder_version=\u00bb4.4.2&#8243; min_height=\u00bb1574.2px\u00bb custom_padding=\u00bb||10px|||\u00bb][et_pb_row column_structure=\u00bb3_5,2_5&#8243; _builder_version=\u00bb4.4.2&#8243; custom_margin=\u00bb||||false|false\u00bb][et_pb_column type=\u00bb3_5&#8243; _builder_version=\u00bb4.4.2&#8243;][et_pb_text _builder_version=\u00bb4.4.2&#8243; text_text_color=\u00bb#006d5b\u00bb text_font_size=\u00bb20px\u00bb text_orientation=\u00bbcenter\u00bb]<\/p>\n<p><strong>\u00bfPOR QU\u00c9 EXPONER EN IFLS+EICI?<\/strong><\/p>\n<p>[\/et_pb_text][et_pb_text _builder_version=\u00bb4.4.2&#8243; width=\u00bb100%\u00bb custom_margin=\u00bb||-1px|||\u00bb]<\/p>\n<p style=\"text-align: justify;\"><strong>IFLS+EICI tendr\u00e1 lugar del 3 al 5 de agosto de 2026 en Corferias.\u00a0<\/strong>Es el escenario d\u00f3nde las grandes marcas de la industria del calzado, el cuero, la marroquiner\u00eda, los insumos y la maquinaria se reunir\u00e1n. Esta plataforma comercial gira en torno a los contactos comerciales y alianzas estrat\u00e9gicas nacionales e internacionales, que impulsar\u00e1n al sector durante el pr\u00f3ximo semestre y orientar\u00e1n a los integrantes de la cadena de valor para tomar decisiones m\u00e1s acertadas.<\/p>\n<h4 style=\"text-align: justify;\"><span style=\"color: #333333;\"><b>Razones para participar en esta edici\u00f3n:<\/b><\/span><\/h4>\n<p style=\"text-align: justify;\"><strong>Contactos profesionales:\u00a0<\/strong>Es una de las principales plataformas de negocios de Am\u00e9rica Latina, donde se re\u00fanen fabricantes, proveedores, dise\u00f1adores, distribuidores y compradores del mundo. Asistir a la feria te permite ampliar y fortalecer tu red de contactos profesionales, lo cual es crucial para hacer crecer tu negocio o iniciar nuevos proyectos<\/p>\n<p style=\"text-align: justify;\"><strong>Alianzas Estrat\u00e9gicas:<\/strong>\u00a0Mediante esta plataforma puedes establecer alianzas con empresas que comparten intereses similares o complementarios. Los v\u00ednculos pueden ser desde cadenas de distribuci\u00f3n hasta colaboraciones en el dise\u00f1o y la fabricaci\u00f3n, que son determinantes para el desarrollo de la industria.<\/p>\n<p style=\"text-align: justify;\"><strong>Agenda Acad\u00e9mica:<\/strong> Durante la plataforma comercial, se realizan conferencias, charlas y talleres impartidos por expertos de la industria, all\u00ed actualizar\u00e1s tus conocimientos sobre temas de relevancia como la sostenibilidad y producci\u00f3n eficiente, entre otros.<\/p>\n<p style=\"text-align: justify;\"><span style=\"font-size: 14px;\"><b style=\"color: #000000;\"><span style=\"font-weight: 400;\"><b>Oportunidades de exportaci\u00f3n:\u00a0<\/b><\/span><\/b><\/span>IFLS+EICI es el punto de encuentro para la oferta y la demanda, lo que abre las puertas a oportunidades de exportaci\u00f3n. Las marcas y fabricantes locales tienen la posibilidad de llegar a mercados globales.<\/p>\n<p>[\/et_pb_text][\/et_pb_column][et_pb_column type=\u00bb2_5&#8243; _builder_version=\u00bb4.4.2&#8243;][et_pb_gallery gallery_ids=\u00bb808,809,811,810&#8243; fullwidth=\u00bbon\u00bb hover_icon=\u00bb%%3%%\u00bb _builder_version=\u00bb4.4.2&#8243; width=\u00bb100%\u00bb auto=\u00bbon\u00bb auto_speed=\u00bb5000&#8243;][\/et_pb_gallery][et_pb_button button_url=\u00bbhttps:\/\/wa.me\/message\/DOLPO2MGXIEZM1&#8243; button_text=\u00bbQuiero exponer\u00bb _builder_version=\u00bb4.4.2&#8243; custom_button=\u00bbon\u00bb button_text_color=\u00bb#ffffff\u00bb button_bg_color=\u00bb#583e14&#8243;][\/et_pb_button][\/et_pb_column][\/et_pb_row][et_pb_row column_structure=\u00bb2_5,3_5&#8243; module_id=\u00bb\u00bfPor qu\u00e9 visitar la IFLS+EICI?\u00bb _builder_version=\u00bb4.4.2&#8243; min_height=\u00bb430.3px\u00bb custom_margin=\u00bb|||auto|false|false\u00bb custom_padding=\u00bb||||false|false\u00bb][et_pb_column type=\u00bb2_5&#8243; _builder_version=\u00bb4.4.2&#8243;][et_pb_gallery gallery_ids=\u00bb815,816,817,818&#8243; gallery_orderby=\u00bbrand\u00bb fullwidth=\u00bbon\u00bb hover_icon=\u00bb%%3%%\u00bb _builder_version=\u00bb4.4.2&#8243; width=\u00bb100%\u00bb auto=\u00bbon\u00bb auto_speed=\u00bb5000&#8243;][\/et_pb_gallery][et_pb_gallery gallery_ids=\u00bb975,811,758,816&#8243; fullwidth=\u00bbon\u00bb _builder_version=\u00bb4.4.2&#8243; auto=\u00bbon\u00bb][\/et_pb_gallery][\/et_pb_column][et_pb_column type=\u00bb3_5&#8243; _builder_version=\u00bb4.4.2&#8243;][et_pb_text _builder_version=\u00bb4.4.2&#8243; text_text_color=\u00bb#006d5b\u00bb text_font_size=\u00bb20px\u00bb text_orientation=\u00bbcenter\u00bb]<\/p>\n<p><strong>\u00bfPOR QU\u00c9 VISITAR IFLS+EICI?<\/strong><\/p>\n<p>[\/et_pb_text][et_pb_text _builder_version=\u00bb4.4.2&#8243; custom_margin=\u00bb||-1px|||\u00bb]<\/p>\n<p style=\"text-align: justify;\">Visitar la Plataforma Comercial IFLS+EICI <strong>del 3 al 5 de agosto de 2026 en Corferias\u00a0<\/strong>es una excelente oportunidad para aquellos interesados en la industria del calzado, el cuero, la marroquiner\u00eda, los insumos y maquinaria.<\/p>\n<h4 style=\"text-align: justify;\"><span style=\"color: #333333;\"><strong>Aqu\u00ed hay varias razones clave para asistir<\/strong>:<\/span><\/h4>\n<p style=\"text-align: justify;\"><strong>Conocer las \u00faltimas tendencias:<\/strong> Es el escenario de las novedades y tendencias en calzado, accesorios de moda y materiales de cuero, tanto a nivel nacional como internacional. Es ideal para quienes buscan estar a la vanguardia de la moda e innovaci\u00f3n.<\/p>\n<p style=\"text-align: justify;\"><strong>Contactos profesionales:<\/strong> Es una de las principales plataformas de negocios de Am\u00e9rica Latina, donde se re\u00fanen fabricantes, proveedores, dise\u00f1adores, distribuidores y compradores del mundo. Asistir permite ampliar y fortalecer tu red de contactos profesionales, lo cual es crucial para hacer crecer tu negocio o iniciar nuevos proyectos.<\/p>\n<p style=\"text-align: justify;\"><strong>Alianzas Estrat\u00e9gicas:<\/strong>\u00a0Mediante esta plataforma se establecen alianzas con empresas que comparten intereses similares o complementarios. Los v\u00ednculos pueden ser desde cadenas de distribuci\u00f3n hasta colaboraciones en el dise\u00f1o y la fabricaci\u00f3n, que son determinantes para el desarrollo de la industria.<\/p>\n<p style=\"text-align: justify;\"><strong>Productos Innovadores:<\/strong> Encontrar\u00e1s una amplia oferta que va desde calzado de alta calidad hasta materiales exclusivos, equipos tecnol\u00f3gicos y maquinaria para la industria del cuero. Es un lugar perfecto para descubrir nuevas oportunidades de negocios.<\/p>\n<p style=\"text-align: justify;\"><strong>Agenda Acad\u00e9mica:<\/strong> Durante la plataforma comercial, se realizan conferencias, charlas y talleres impartidos por expertos de la industria, all\u00ed actualizar\u00e1s tus conocimientos sobre temas de relevancia como la sostenibilidad y producci\u00f3n eficiente, entre otros.<\/p>\n<p style=\"text-align: justify;\"><strong>Diversidad de expositores:<\/strong>\u00a0En IFLS+EICI participan empresas con la capacidad de atender las necesidades de cada cliente, desde proveedur\u00eda, producto terminado con m\u00faltiples categor\u00edas que van desde calzado con un alto componente en dise\u00f1o e innovaci\u00f3n, hasta productos pensados para atender las necesidades en seguridad industrial.<\/p>\n<p style=\"text-align: justify;\"><em>Asistir a <strong>IFLS+EICI<\/strong> es una excelente manera de mantenerse actualizado, encontrar nuevas oportunidades de negocio, mejorar la competitividad y expandir la red de contactos en el mercado global.<\/em><\/p>\n<p style=\"text-align: justify;\">[\/et_pb_text][et_pb_button button_url=\u00bbhttps:\/\/registro.aplicacionesincontacto.com\/#\/formview\/69b42f65591bd063cf0d605b\u00bb url_new_window=\u00bbon\u00bb button_text=\u00bbInscr\u00edbete como comprador o visitante\u00bb _builder_version=\u00bb4.4.2&#8243; custom_button=\u00bbon\u00bb button_text_color=\u00bb#ffffff\u00bb button_bg_color=\u00bb#583e14&#8243;][\/et_pb_button][\/et_pb_column][\/et_pb_row][\/et_pb_section]<\/p>\n","protected":false},"excerpt":{"rendered":"<p>[et_pb_section fb_built=\u00bb1&#8243; fullwidth=\u00bbon\u00bb _builder_version=\u00bb4.4.2&#8243; width=\u00bb100%\u00bb max_width=\u00bb100%\u00bb module_alignment=\u00bbcenter\u00bb][et_pb_fullwidth_image src=\u00bbhttps:\/\/ifls.com.co\/2024\/wp-content\/uploads\/2025\/03\/Feria-2-julio-v1-1.jpg\u00bb _builder_version=\u00bb4.4.2&#8243; custom_padding=\u00bb0px|||||\u00bb][\/et_pb_fullwidth_image][\/et_pb_section][et_pb_section fb_built=\u00bb1&#8243; fullwidth=\u00bbon\u00bb _builder_version=\u00bb4.4.2&#8243;][et_pb_fullwidth_image src=\u00bbhttps:\/\/ifls.com.co\/2024\/wp-content\/uploads\/2026\/04\/7-ABR-BANNER-WEB-AGOSTO-PLATAFORMA.png\u00bb _builder_version=\u00bb4.4.2&#8243; max_height=\u00bb100%\u00bb custom_margin=\u00bb-6px|||||\u00bb][\/et_pb_fullwidth_image][\/et_pb_section][et_pb_section fb_built=\u00bb1&#8243; module_id=\u00bbifls\u00bb _builder_version=\u00bb4.4.2&#8243; module_alignment=\u00bbcenter\u00bb min_height=\u00bb733.5px\u00bb custom_margin=\u00bb||0px||false|false\u00bb custom_padding=\u00bb0px||0px||false|false\u00bb][et_pb_row _builder_version=\u00bb4.4.2&#8243; module_alignment=\u00bbcenter\u00bb min_height=\u00bb102.4px\u00bb custom_margin=\u00bb|320px|1px|auto||\u00bb module_alignment_tablet=\u00bbcenter\u00bb module_alignment_phone=\u00bbcenter\u00bb module_alignment_last_edited=\u00bbon|desktop\u00bb][et_pb_column type=\u00bb4_4&#8243; _builder_version=\u00bb4.4.2&#8243;][et_pb_text _builder_version=\u00bb4.4.2&#8243; text_font=\u00bb|700|||||||\u00bb text_text_color=\u00bb#006d5b\u00bb text_font_size=\u00bb35px\u00bb text_letter_spacing=\u00bb2px\u00bb text_line_height=\u00bb1.8em\u00bb module_alignment=\u00bbcenter\u00bb min_height=\u00bb49px\u00bb custom_margin=\u00bb-23px|||||\u00bb custom_padding=\u00bb0px|||||\u00bb] \u00bfQU\u00c9 ES IFLS+EICI? [\/et_pb_text][et_pb_text _builder_version=\u00bb4.4.2&#8243; min_height=\u00bb147px\u00bb custom_margin=\u00bb-22px|||||\u00bb custom_padding=\u00bb11px|||||\u00bb] La Asociaci\u00f3n Colombiana de [&hellip;]<\/p>\n","protected":false},"author":1,"featured_media":0,"parent":0,"menu_order":0,"comment_status":"closed","ping_status":"closed","template":"","meta":{"_et_pb_use_builder":"on","_et_pb_old_content":"","_et_gb_content_width":"","footnotes":""},"class_list":["post-115","page","type-page","status-publish","hentry"],"_links":{"self":[{"href":"https:\/\/ifls.com.co\/2024\/wp-json\/wp\/v2\/pages\/115","targetHints":{"allow":["GET"]}}],"collection":[{"href":"https:\/\/ifls.com.co\/2024\/wp-json\/wp\/v2\/pages"}],"about":[{"href":"https:\/\/ifls.com.co\/2024\/wp-json\/wp\/v2\/types\/page"}],"author":[{"embeddable":true,"href":"https:\/\/ifls.com.co\/2024\/wp-json\/wp\/v2\/users\/1"}],"replies":[{"embeddable":true,"href":"https:\/\/ifls.com.co\/2024\/wp-json\/wp\/v2\/comments?post=115"}],"version-history":[{"count":76,"href":"https:\/\/ifls.com.co\/2024\/wp-json\/wp\/v2\/pages\/115\/revisions"}],"predecessor-version":[{"id":1816,"href":"https:\/\/ifls.com.co\/2024\/wp-json\/wp\/v2\/pages\/115\/revisions\/1816"}],"wp:attachment":[{"href":"https:\/\/ifls.com.co\/2024\/wp-json\/wp\/v2\/media?parent=115"}],"curies":[{"name":"wp","href":"https:\/\/api.w.org\/{rel}","templated":true}]}}